{"id":2440,"date":"2026-01-05T06:05:23","date_gmt":"2026-01-05T06:05:23","guid":{"rendered":"https:\/\/belgiumdungeonsuite.com\/reservez-des-maintenant\/"},"modified":"2026-01-05T06:09:54","modified_gmt":"2026-01-05T06:09:54","slug":"reservez-des-maintenant","status":"publish","type":"page","link":"https:\/\/belgiumdungeonsuite.com\/fr\/reservez-des-maintenant\/","title":{"rendered":"R\u00e9servez d\u00e8s maintenant !"},"content":{"rendered":"\t\t<div data-elementor-type=\"wp-page\" data-elementor-id=\"2440\" class=\"elementor elementor-2440 elementor-2435\" data-elementor-post-type=\"page\">\n\t\t\t\t<div class=\"elementor-element elementor-element-ad5abef e-flex e-con-boxed elementor-invisible e-con e-parent\" data-id=\"ad5abef\" data-element_type=\"container\" data-e-type=\"container\" data-settings=\"{&quot;background_background&quot;:&quot;classic&quot;,&quot;animation&quot;:&quot;fadeIn&quot;}\">\n\t\t\t\t\t<div class=\"e-con-inner\">\n\t\t<div class=\"elementor-element elementor-element-018b79a e-con-full e-flex e-con e-child\" data-id=\"018b79a\" data-element_type=\"container\" data-e-type=\"container\">\n\t\t\t\t<div class=\"elementor-element elementor-element-3fba8f2 elementor-invisible elementor-widget elementor-widget-heading\" data-id=\"3fba8f2\" data-element_type=\"widget\" data-e-type=\"widget\" data-settings=\"{&quot;_animation&quot;:&quot;fadeInUp&quot;}\" data-widget_type=\"heading.default\">\n\t\t\t\t<div class=\"elementor-widget-container\">\n\t\t\t\t\t<h1 class=\"elementor-heading-title elementor-size-default\">R\u00e9servez d\u00e8s maintenant !<\/h1>\t\t\t\t<\/div>\n\t\t\t\t<\/div>\n\t\t<div class=\"elementor-element elementor-element-0e41286 e-con-full e-flex e-con e-child\" data-id=\"0e41286\" data-element_type=\"container\" data-e-type=\"container\">\n\t\t\t\t<div class=\"elementor-element elementor-element-91492b4 elementor-widget__width-initial elementor-widget-mobile__width-inherit elementor-invisible elementor-widget elementor-widget-text-editor\" data-id=\"91492b4\" data-element_type=\"widget\" data-e-type=\"widget\" data-settings=\"{&quot;_animation&quot;:&quot;fadeInUp&quot;}\" data-widget_type=\"text-editor.default\">\n\t\t\t\t<div class=\"elementor-widget-container\">\n\t\t\t\t\t\t\t\t\tR\u00e9servez la date et le forfait de votre choix en quelques secondes &#8211; priv\u00e9, discret et pr\u00eat quand vous le souhaitez.\t\t\t\t\t\t\t\t<\/div>\n\t\t\t\t<\/div>\n\t\t\t\t<\/div>\n\t\t\t\t<\/div>\n\t\t\t\t\t<\/div>\n\t\t\t\t<\/div>\n\t\t<div class=\"elementor-element elementor-element-b390363 e-flex e-con-boxed e-con e-parent\" data-id=\"b390363\" data-element_type=\"container\" data-e-type=\"container\">\n\t\t\t\t\t<div class=\"e-con-inner\">\n\t\t\t\t<div class=\"elementor-element elementor-element-86152b1 elementor-widget elementor-widget-heading\" data-id=\"86152b1\" data-element_type=\"widget\" data-e-type=\"widget\" data-widget_type=\"heading.default\">\n\t\t\t\t<div class=\"elementor-widget-container\">\n\t\t\t\t\t<div class=\"elementor-heading-title elementor-size-default\"><a href=\"https:\/\/belgiumdungeonsuite.com\/faqs\/\"><b>Si vous avez des doutes avant d'envoyer un courriel, consultez la page FAQ.<\/b><\/a><\/div>\t\t\t\t<\/div>\n\t\t\t\t<\/div>\n\t\t\t\t<div class=\"elementor-element elementor-element-22b8683 elementor-widget elementor-widget-html\" data-id=\"22b8683\" data-element_type=\"widget\" data-e-type=\"widget\" data-widget_type=\"html.default\">\n\t\t\t\t<div class=\"elementor-widget-container\">\n\t\t\t\t\t<script type=\"text\/javascript\" src=\"https:\/\/bookeo.com\/widget.js?a=42560XLMX7P1971DA17E4D\"><\/script>\t\t\t\t<\/div>\n\t\t\t\t<\/div>\n\t\t\t\t\t<\/div>\n\t\t\t\t<\/div>\n\t\t\t\t<\/div>\n\t\t","protected":false},"excerpt":{"rendered":"<p>R\u00e9servez d\u00e8s maintenant ! R\u00e9servez la date et le forfait de votre choix en quelques secondes &#8211; priv\u00e9, discret et pr\u00eat quand vous le souhaitez. Si vous avez des doutes avant d&rsquo;envoyer un courriel, consultez la page FAQ.<\/p>\n","protected":false},"author":1,"featured_media":2164,"parent":0,"menu_order":0,"comment_status":"closed","ping_status":"closed","template":"","meta":{"footnotes":""},"class_list":["post-2440","page","type-page","status-publish","has-post-thumbnail","hentry"],"_links":{"self":[{"href":"https:\/\/belgiumdungeonsuite.com\/fr\/wp-json\/wp\/v2\/pages\/2440","targetHints":{"allow":["GET"]}}],"collection":[{"href":"https:\/\/belgiumdungeonsuite.com\/fr\/wp-json\/wp\/v2\/pages"}],"about":[{"href":"https:\/\/belgiumdungeonsuite.com\/fr\/wp-json\/wp\/v2\/types\/page"}],"author":[{"embeddable":true,"href":"https:\/\/belgiumdungeonsuite.com\/fr\/wp-json\/wp\/v2\/users\/1"}],"replies":[{"embeddable":true,"href":"https:\/\/belgiumdungeonsuite.com\/fr\/wp-json\/wp\/v2\/comments?post=2440"}],"version-history":[{"count":2,"href":"https:\/\/belgiumdungeonsuite.com\/fr\/wp-json\/wp\/v2\/pages\/2440\/revisions"}],"predecessor-version":[{"id":2448,"href":"https:\/\/belgiumdungeonsuite.com\/fr\/wp-json\/wp\/v2\/pages\/2440\/revisions\/2448"}],"wp:featuredmedia":[{"embeddable":true,"href":"https:\/\/belgiumdungeonsuite.com\/fr\/wp-json\/wp\/v2\/media\/2164"}],"wp:attachment":[{"href":"https:\/\/belgiumdungeonsuite.com\/fr\/wp-json\/wp\/v2\/media?parent=2440"}],"curies":[{"name":"wp","href":"https:\/\/api.w.org\/{rel}","templated":true}]}}