{"id":2016,"date":"2021-09-26T13:25:14","date_gmt":"2021-09-26T12:25:14","guid":{"rendered":"https:\/\/belgiumdungeonsuite.com\/accueil\/"},"modified":"2026-01-05T06:09:54","modified_gmt":"2026-01-05T06:09:54","slug":"accueil","status":"publish","type":"page","link":"https:\/\/belgiumdungeonsuite.com\/fr\/","title":{"rendered":"Accueil"},"content":{"rendered":"\t\t<div data-elementor-type=\"wp-page\" data-elementor-id=\"2016\" class=\"elementor elementor-2016 elementor-59\" data-elementor-post-type=\"page\">\n\t\t\t\t<div class=\"elementor-element elementor-element-4c1dddae e-flex e-con-boxed elementor-invisible e-con e-parent\" data-id=\"4c1dddae\" data-element_type=\"container\" data-e-type=\"container\" data-settings=\"{&quot;background_background&quot;:&quot;classic&quot;,&quot;animation&quot;:&quot;fadeIn&quot;}\">\n\t\t\t\t\t<div class=\"e-con-inner\">\n\t\t<div class=\"elementor-element elementor-element-65596c2c e-con-full e-flex e-con e-child\" data-id=\"65596c2c\" data-element_type=\"container\" data-e-type=\"container\">\n\t\t\t\t<div class=\"elementor-element elementor-element-36db8683 elementor-invisible elementor-widget elementor-widget-heading\" data-id=\"36db8683\" data-element_type=\"widget\" data-e-type=\"widget\" data-settings=\"{&quot;_animation&quot;:&quot;fadeInUp&quot;}\" data-widget_type=\"heading.default\">\n\t\t\t\t<div class=\"elementor-widget-container\">\n\t\t\t\t\t<h1 class=\"elementor-heading-title elementor-size-default\">Laissez-vous s\u00e9duire par une intimit\u00e9 sans limites \u00e0 Diest\n<\/h1>\t\t\t\t<\/div>\n\t\t\t\t<\/div>\n\t\t<div class=\"elementor-element elementor-element-2656cf75 e-con-full e-flex e-con e-child\" data-id=\"2656cf75\" data-element_type=\"container\" data-e-type=\"container\">\n\t\t\t\t<div class=\"elementor-element elementor-element-f1e59bd elementor-widget__width-initial elementor-widget-mobile__width-inherit elementor-invisible elementor-widget elementor-widget-text-editor\" data-id=\"f1e59bd\" data-element_type=\"widget\" data-e-type=\"widget\" data-settings=\"{&quot;_animation&quot;:&quot;fadeInUp&quot;}\" data-widget_type=\"text-editor.default\">\n\t\t\t\t<div class=\"elementor-widget-container\">\n\t\t\t\t\t\t\t\t\t<p>Entrez dans un espace luxueux et priv\u00e9, nich\u00e9 \u00e0 seulement 20 minutes de Hasselt, o\u00f9 vos d\u00e9sirs rencontrent la sophistication.<\/p>\t\t\t\t\t\t\t\t<\/div>\n\t\t\t\t<\/div>\n\t\t\t\t<div class=\"elementor-element elementor-element-4dd60362 elementor-align-right elementor-widget__width-initial elementor-widget-mobile__width-inherit elementor-mobile-align-justify elementor-invisible elementor-widget elementor-widget-button\" data-id=\"4dd60362\" data-element_type=\"widget\" data-e-type=\"widget\" data-settings=\"{&quot;_animation&quot;:&quot;fadeInUp&quot;,&quot;_animation_delay&quot;:&quot;200&quot;}\" data-widget_type=\"button.default\">\n\t\t\t\t<div class=\"elementor-widget-container\">\n\t\t\t\t\t\t\t\t\t<div class=\"elementor-button-wrapper\">\n\t\t\t\t\t<a class=\"elementor-button elementor-button-link elementor-size-sm\" href=\"https:\/\/belgiumdungeonsuite.com\/fr\/reservez-des-maintenant\/\">\n\t\t\t\t\t\t<span class=\"elementor-button-content-wrapper\">\n\t\t\t\t\t\t\t\t\t<span class=\"elementor-button-text\">R\u00e9servez d\u00e8s maintenant<\/span>\n\t\t\t\t\t<\/span>\n\t\t\t\t\t<\/a>\n\t\t\t\t<\/div>\n\t\t\t\t\t\t\t\t<\/div>\n\t\t\t\t<\/div>\n\t\t\t\t<\/div>\n\t\t\t\t<\/div>\n\t\t\t\t\t<\/div>\n\t\t\t\t<\/div>\n\t\t<div class=\"elementor-element elementor-element-6dc531b6 e-flex e-con-boxed e-con e-parent\" data-id=\"6dc531b6\" data-element_type=\"container\" data-e-type=\"container\">\n\t\t\t\t\t<div class=\"e-con-inner\">\n\t\t<div class=\"elementor-element elementor-element-5f5a3b8c e-con-full e-flex e-con e-child\" data-id=\"5f5a3b8c\" data-element_type=\"container\" data-e-type=\"container\">\n\t\t\t\t<div class=\"elementor-element elementor-element-51b22ad elementor-invisible elementor-widget elementor-widget-image\" data-id=\"51b22ad\" data-element_type=\"widget\" data-e-type=\"widget\" data-settings=\"{&quot;_animation&quot;:&quot;fadeInUp&quot;}\" data-widget_type=\"image.default\">\n\t\t\t\t<div class=\"elementor-widget-container\">\n\t\t\t\t\t\t\t\t\t\t\t\t\t\t\t<img fetchpriority=\"high\" decoding=\"async\" width=\"1536\" height=\"2048\" src=\"https:\/\/belgiumdungeonsuite.com\/wp-content\/uploads\/2024\/10\/WhatsApp-Image-2024-10-18-at-15.50.49-1.jpeg\" class=\"attachment-2048x2048 size-2048x2048 wp-image-2017\" alt=\"\" srcset=\"https:\/\/belgiumdungeonsuite.com\/wp-content\/uploads\/2024\/10\/WhatsApp-Image-2024-10-18-at-15.50.49-1.jpeg.webp 1536w, https:\/\/belgiumdungeonsuite.com\/wp-content\/uploads\/2024\/10\/WhatsApp-Image-2024-10-18-at-15.50.49-1-225x300.jpeg.webp 225w, https:\/\/belgiumdungeonsuite.com\/wp-content\/uploads\/2024\/10\/WhatsApp-Image-2024-10-18-at-15.50.49-1-768x1024.jpeg.webp 768w, https:\/\/belgiumdungeonsuite.com\/wp-content\/uploads\/2024\/10\/WhatsApp-Image-2024-10-18-at-15.50.49-1-1152x1536.jpeg.webp 1152w\" sizes=\"(max-width: 1536px) 100vw, 1536px\" \/>\t\t\t\t\t\t\t\t\t\t\t\t\t\t\t<\/div>\n\t\t\t\t<\/div>\n\t\t\t\t<\/div>\n\t\t<div class=\"elementor-element elementor-element-6149acd9 e-con-full e-flex e-con e-child\" data-id=\"6149acd9\" data-element_type=\"container\" data-e-type=\"container\">\n\t\t\t\t<div class=\"elementor-element elementor-element-6a2ade5f elementor-invisible elementor-widget elementor-widget-heading\" data-id=\"6a2ade5f\" data-element_type=\"widget\" data-e-type=\"widget\" data-settings=\"{&quot;_animation&quot;:&quot;fadeInUp&quot;}\" data-widget_type=\"heading.default\">\n\t\t\t\t<div class=\"elementor-widget-container\">\n\t\t\t\t\t<h2 class=\"elementor-heading-title elementor-size-default\">Une \u00e9vasion priv\u00e9e, con\u00e7ue pour le plaisir<\/h2>\t\t\t\t<\/div>\n\t\t\t\t<\/div>\n\t\t\t\t<div class=\"elementor-element elementor-element-175e3f16 elementor-invisible elementor-widget elementor-widget-text-editor\" data-id=\"175e3f16\" data-element_type=\"widget\" data-e-type=\"widget\" data-settings=\"{&quot;_animation&quot;:&quot;fadeInUp&quot;}\" data-widget_type=\"text-editor.default\">\n\t\t\t\t<div class=\"elementor-widget-container\">\n\t\t\t\t\t\t\t\t\t<p>Bienvenue \u00e0 Belgium Dungeon Suite ! Notre charmant espace priv\u00e9 de 64 m\u00b2 est situ\u00e9 dans un quartier paisible de Diest, \u00e0 seulement 20 minutes de Hasselt et \u00e0 moins d&rsquo;une heure d&rsquo;Anvers, de Bruxelles et d&rsquo;Eindhoven. Si vous arrivez en avion, nous vous recommandons de louer une voiture pour faciliter l&rsquo;acc\u00e8s, car les a\u00e9roports de Bruxelles et d&rsquo;Eindhoven sont tous deux situ\u00e9s \u00e0 proximit\u00e9 (Eindhoven est souvent l&rsquo;option la plus abordable).<\/p><p>La suite comprend une chambre \u00e0 coucher confortable avec un lit double, une douche \u00e0 l&rsquo;italienne rafra\u00eechissante avec un syst\u00e8me de pluie, et un donjon enti\u00e8rement \u00e9quip\u00e9 avec une s\u00e9lection s\u00e9duisante de jouets BDSM.<\/p><p>Pour votre confort, nous vous offrons des boissons gratuites, notamment de l&rsquo;eau gazeuse, du caf\u00e9, du th\u00e9 et du lait. Vous trouverez \u00e9galement des gants, des pr\u00e9servatifs, du lubrifiant et des lingettes d\u00e9sinfect\u00e9es. Nous mettons \u00e0 votre disposition une charmante collection de jouets, mais vous pouvez apporter les v\u00f4tres pour une exp\u00e9rience encore plus personnalis\u00e9e.<\/p><p>Pour plus de d\u00e9tente, nous vous proposons un sauna \u00e0 louer moyennant un suppl\u00e9ment. N&rsquo;oubliez pas de r\u00e9server \u00e0 l&rsquo;avance, car nous avons besoin d&rsquo;environ 30 minutes pour tout pr\u00e9parer.<\/p><p>Nous nous r\u00e9jouissons de vous accueillir et esp\u00e9rons que vous vivrez une exp\u00e9rience fantastique !<\/p>\t\t\t\t\t\t\t\t<\/div>\n\t\t\t\t<\/div>\n\t\t\t\t<div class=\"elementor-element elementor-element-efea657 elementor-mobile-align-justify elementor-widget elementor-widget-button\" data-id=\"efea657\" data-element_type=\"widget\" data-e-type=\"widget\" data-widget_type=\"button.default\">\n\t\t\t\t<div class=\"elementor-widget-container\">\n\t\t\t\t\t\t\t\t\t<div class=\"elementor-button-wrapper\">\n\t\t\t\t\t<a class=\"elementor-button elementor-button-link elementor-size-sm\" href=\"https:\/\/belgiumdungeonsuite.com\/fr\/reservez-des-maintenant\/\">\n\t\t\t\t\t\t<span class=\"elementor-button-content-wrapper\">\n\t\t\t\t\t\t\t\t\t<span class=\"elementor-button-text\">R\u00e9servez d\u00e8s maintenant !<\/span>\n\t\t\t\t\t<\/span>\n\t\t\t\t\t<\/a>\n\t\t\t\t<\/div>\n\t\t\t\t\t\t\t\t<\/div>\n\t\t\t\t<\/div>\n\t\t\t\t<\/div>\n\t\t\t\t\t<\/div>\n\t\t\t\t<\/div>\n\t\t<div class=\"elementor-element elementor-element-762b191 e-flex e-con-boxed e-con e-parent\" data-id=\"762b191\" data-element_type=\"container\" data-e-type=\"container\">\n\t\t\t\t\t<div class=\"e-con-inner\">\n\t\t<div class=\"elementor-element elementor-element-25325d1 e-con-full e-flex e-con e-child\" data-id=\"25325d1\" data-element_type=\"container\" data-e-type=\"container\">\n\t\t\t\t<div class=\"elementor-element elementor-element-87a8f36 elementor-invisible elementor-widget elementor-widget-heading\" data-id=\"87a8f36\" data-element_type=\"widget\" data-e-type=\"widget\" data-settings=\"{&quot;_animation&quot;:&quot;fadeInUp&quot;}\" data-widget_type=\"heading.default\">\n\t\t\t\t<div class=\"elementor-widget-container\">\n\t\t\t\t\t<h2 class=\"elementor-heading-title elementor-size-default\">Un chef-d'\u0153uvre de Madame Caramel, reine des donjons<\/h2>\t\t\t\t<\/div>\n\t\t\t\t<\/div>\n\t\t\t\t<div class=\"elementor-element elementor-element-50caf3e elementor-invisible elementor-widget elementor-widget-text-editor\" data-id=\"50caf3e\" data-element_type=\"widget\" data-e-type=\"widget\" id=\"afds\" data-settings=\"{&quot;_animation&quot;:&quot;fadeInUp&quot;}\" data-widget_type=\"text-editor.default\">\n\t\t\t\t<div class=\"elementor-widget-container\">\n\t\t\t\t\t\t\t\t\t<p>Ce superbe donjon a \u00e9t\u00e9 cr\u00e9\u00e9 par moi, <a href=\"https:\/\/madamecaramel.com\">Madame Caramel<\/a>, une dominatrice de renomm\u00e9e internationale, organisatrice d&rsquo;\u00e9v\u00e9nements Femdom, et la reine des donjons bas\u00e9e \u00e0 Londres.  <\/p><p>Je supervise \u00e9galement trois autres donjons \u00e0 travers le Royaume-Uni, et je suis ravi de d\u00e9voiler ce nouveau lieu exceptionnel.  <\/p><p>Il est possible qu&rsquo;il y ait des opportunit\u00e9s pour des salles suppl\u00e9mentaires \u00e0 l&rsquo;avenir, mais elles se pr\u00e9senteront en temps voulu.<\/p>\t\t\t\t\t\t\t\t<\/div>\n\t\t\t\t<\/div>\n\t\t\t\t<\/div>\n\t\t<div class=\"elementor-element elementor-element-bf502b9 e-con-full e-flex e-con e-child\" data-id=\"bf502b9\" data-element_type=\"container\" data-e-type=\"container\">\n\t\t\t\t<div class=\"elementor-element elementor-element-1772abb elementor-invisible elementor-widget elementor-widget-image\" data-id=\"1772abb\" data-element_type=\"widget\" data-e-type=\"widget\" data-settings=\"{&quot;_animation&quot;:&quot;fadeInUp&quot;}\" data-widget_type=\"image.default\">\n\t\t\t\t<div class=\"elementor-widget-container\">\n\t\t\t\t\t\t\t\t\t\t\t\t\t\t\t<img decoding=\"async\" width=\"1066\" height=\"1600\" src=\"https:\/\/belgiumdungeonsuite.com\/wp-content\/uploads\/2024\/11\/WhatsApp-Image-2024-11-01-at-12.38.05.jpeg\" class=\"attachment-2048x2048 size-2048x2048 wp-image-2022\" alt=\"\" srcset=\"https:\/\/belgiumdungeonsuite.com\/wp-content\/uploads\/2024\/11\/WhatsApp-Image-2024-11-01-at-12.38.05.jpeg.webp 1066w, https:\/\/belgiumdungeonsuite.com\/wp-content\/uploads\/2024\/11\/WhatsApp-Image-2024-11-01-at-12.38.05-200x300.jpeg.webp 200w, https:\/\/belgiumdungeonsuite.com\/wp-content\/uploads\/2024\/11\/WhatsApp-Image-2024-11-01-at-12.38.05-682x1024.jpeg.webp 682w, https:\/\/belgiumdungeonsuite.com\/wp-content\/uploads\/2024\/11\/WhatsApp-Image-2024-11-01-at-12.38.05-768x1153.jpeg.webp 768w, https:\/\/belgiumdungeonsuite.com\/wp-content\/uploads\/2024\/11\/WhatsApp-Image-2024-11-01-at-12.38.05-1023x1536.jpeg.webp 1023w\" sizes=\"(max-width: 1066px) 100vw, 1066px\" \/>\t\t\t\t\t\t\t\t\t\t\t\t\t\t\t<\/div>\n\t\t\t\t<\/div>\n\t\t\t\t<\/div>\n\t\t\t\t\t<\/div>\n\t\t\t\t<\/div>\n\t\t<div class=\"elementor-element elementor-element-6857de64 e-flex e-con-boxed elementor-invisible e-con e-parent\" data-id=\"6857de64\" data-element_type=\"container\" data-e-type=\"container\" data-settings=\"{&quot;background_background&quot;:&quot;classic&quot;,&quot;animation&quot;:&quot;fadeIn&quot;}\">\n\t\t\t\t\t<div class=\"e-con-inner\">\n\t\t<div class=\"elementor-element elementor-element-776cab85 e-con-full e-flex e-con e-child\" data-id=\"776cab85\" data-element_type=\"container\" data-e-type=\"container\">\n\t\t\t\t<div class=\"elementor-element elementor-element-1aa53346 elementor-invisible elementor-widget elementor-widget-heading\" data-id=\"1aa53346\" data-element_type=\"widget\" data-e-type=\"widget\" data-settings=\"{&quot;_animation&quot;:&quot;fadeInUp&quot;}\" data-widget_type=\"heading.default\">\n\t\t\t\t<div class=\"elementor-widget-container\">\n\t\t\t\t\t<h2 class=\"elementor-heading-title elementor-size-default\">Tout ce dont vous avez besoin pour un s\u00e9jour inoubliable<\/h2>\t\t\t\t<\/div>\n\t\t\t\t<\/div>\n\t\t<div class=\"elementor-element elementor-element-68308f6c e-con-full e-grid e-con e-child\" data-id=\"68308f6c\" data-element_type=\"container\" data-e-type=\"container\">\n\t\t<div class=\"elementor-element elementor-element-2505103a e-con-full e-flex e-con e-child\" data-id=\"2505103a\" data-element_type=\"container\" data-e-type=\"container\">\n\t\t\t\t<div class=\"elementor-element elementor-element-f6c0ebf elementor-view-stacked elementor-shape-circle elementor-position-block-start elementor-mobile-position-block-start elementor-invisible elementor-widget elementor-widget-icon-box\" data-id=\"f6c0ebf\" data-element_type=\"widget\" data-e-type=\"widget\" data-settings=\"{&quot;_animation&quot;:&quot;fadeInUp&quot;}\" data-widget_type=\"icon-box.default\">\n\t\t\t\t<div class=\"elementor-widget-container\">\n\t\t\t\t\t\t\t<div class=\"elementor-icon-box-wrapper\">\n\n\t\t\t\t\t\t<div class=\"elementor-icon-box-icon\">\n\t\t\t\t<span  class=\"elementor-icon\">\n\t\t\t\t<i aria-hidden=\"true\" class=\"fas fa-bed\"><\/i>\t\t\t\t<\/span>\n\t\t\t<\/div>\n\t\t\t\n\t\t\t\t\t\t<div class=\"elementor-icon-box-content\">\n\n\t\t\t\t\t\t\t\t\t<span class=\"elementor-icon-box-title\">\n\t\t\t\t\t\t<span  >\n\t\t\t\t\t\t\tChambre \u00e0 coucher luxueuse\t\t\t\t\t\t<\/span>\n\t\t\t\t\t<\/span>\n\t\t\t\t\n\t\t\t\t\t\t\t\t\t<p class=\"elementor-icon-box-description\">\n\t\t\t\t\t\tD\u00e9tendez-vous dans le confort d'un lit double douillet et d'une atmosph\u00e8re sereine, qui vous mettront dans l'ambiance.\n\t\t\t\t\t<\/p>\n\t\t\t\t\n\t\t\t<\/div>\n\t\t\t\n\t\t<\/div>\n\t\t\t\t\t\t<\/div>\n\t\t\t\t<\/div>\n\t\t\t\t<\/div>\n\t\t<div class=\"elementor-element elementor-element-80d4da9 e-con-full e-flex e-con e-child\" data-id=\"80d4da9\" data-element_type=\"container\" data-e-type=\"container\">\n\t\t\t\t<div class=\"elementor-element elementor-element-6de1398 elementor-view-stacked elementor-shape-circle elementor-position-block-start elementor-mobile-position-block-start elementor-invisible elementor-widget elementor-widget-icon-box\" data-id=\"6de1398\" data-element_type=\"widget\" data-e-type=\"widget\" data-settings=\"{&quot;_animation&quot;:&quot;fadeInUp&quot;}\" data-widget_type=\"icon-box.default\">\n\t\t\t\t<div class=\"elementor-widget-container\">\n\t\t\t\t\t\t\t<div class=\"elementor-icon-box-wrapper\">\n\n\t\t\t\t\t\t<div class=\"elementor-icon-box-icon\">\n\t\t\t\t<span  class=\"elementor-icon\">\n\t\t\t\t<i aria-hidden=\"true\" class=\"fas fa-shower\"><\/i>\t\t\t\t<\/span>\n\t\t\t<\/div>\n\t\t\t\n\t\t\t\t\t\t<div class=\"elementor-icon-box-content\">\n\n\t\t\t\t\t\t\t\t\t<span class=\"elementor-icon-box-title\">\n\t\t\t\t\t\t<span  >\n\t\t\t\t\t\t\tDouche de pluie\t\t\t\t\t\t<\/span>\n\t\t\t\t\t<\/span>\n\t\t\t\t\n\t\t\t\t\t\t\t\t\t<p class=\"elementor-icon-box-description\">\n\t\t\t\t\t\tRafra\u00eechissez-vous avec une douche \u00e0 effet de pluie rajeunissante, le moyen id\u00e9al de vous d\u00e9tendre avant ou apr\u00e8s votre s\u00e9ance.\n\t\t\t\t\t<\/p>\n\t\t\t\t\n\t\t\t<\/div>\n\t\t\t\n\t\t<\/div>\n\t\t\t\t\t\t<\/div>\n\t\t\t\t<\/div>\n\t\t\t\t<\/div>\n\t\t<div class=\"elementor-element elementor-element-71a3039 e-con-full e-flex e-con e-child\" data-id=\"71a3039\" data-element_type=\"container\" data-e-type=\"container\">\n\t\t\t\t<div class=\"elementor-element elementor-element-3d5c16e elementor-view-stacked elementor-shape-circle elementor-position-block-start elementor-mobile-position-block-start elementor-invisible elementor-widget elementor-widget-icon-box\" data-id=\"3d5c16e\" data-element_type=\"widget\" data-e-type=\"widget\" data-settings=\"{&quot;_animation&quot;:&quot;fadeInUp&quot;}\" data-widget_type=\"icon-box.default\">\n\t\t\t\t<div class=\"elementor-widget-container\">\n\t\t\t\t\t\t\t<div class=\"elementor-icon-box-wrapper\">\n\n\t\t\t\t\t\t<div class=\"elementor-icon-box-icon\">\n\t\t\t\t<span  class=\"elementor-icon\">\n\t\t\t\t<i aria-hidden=\"true\" class=\"fas fa-lock\"><\/i>\t\t\t\t<\/span>\n\t\t\t<\/div>\n\t\t\t\n\t\t\t\t\t\t<div class=\"elementor-icon-box-content\">\n\n\t\t\t\t\t\t\t\t\t<span class=\"elementor-icon-box-title\">\n\t\t\t\t\t\t<span  >\n\t\t\t\t\t\t\tDonjon enti\u00e8rement \u00e9quip\u00e9\t\t\t\t\t\t<\/span>\n\t\t\t\t\t<\/span>\n\t\t\t\t\n\t\t\t\t\t\t\t\t\t<p class=\"elementor-icon-box-description\">\n\t\t\t\t\t\tD\u00e9couvrez une gamme de jouets et d'\u00e9quipements BDSM de haute qualit\u00e9, con\u00e7us pour le plaisir ultime.\n\t\t\t\t\t<\/p>\n\t\t\t\t\n\t\t\t<\/div>\n\t\t\t\n\t\t<\/div>\n\t\t\t\t\t\t<\/div>\n\t\t\t\t<\/div>\n\t\t\t\t<\/div>\n\t\t<div class=\"elementor-element elementor-element-33400ae e-con-full e-flex e-con e-child\" data-id=\"33400ae\" data-element_type=\"container\" data-e-type=\"container\">\n\t\t\t\t<div class=\"elementor-element elementor-element-673c5ea elementor-view-stacked elementor-shape-circle elementor-position-block-start elementor-mobile-position-block-start elementor-invisible elementor-widget elementor-widget-icon-box\" data-id=\"673c5ea\" data-element_type=\"widget\" data-e-type=\"widget\" data-settings=\"{&quot;_animation&quot;:&quot;fadeInUp&quot;}\" data-widget_type=\"icon-box.default\">\n\t\t\t\t<div class=\"elementor-widget-container\">\n\t\t\t\t\t\t\t<div class=\"elementor-icon-box-wrapper\">\n\n\t\t\t\t\t\t<div class=\"elementor-icon-box-icon\">\n\t\t\t\t<span  class=\"elementor-icon\">\n\t\t\t\t<i aria-hidden=\"true\" class=\"fas fa-hot-tub\"><\/i>\t\t\t\t<\/span>\n\t\t\t<\/div>\n\t\t\t\n\t\t\t\t\t\t<div class=\"elementor-icon-box-content\">\n\n\t\t\t\t\t\t\t\t\t<span class=\"elementor-icon-box-title\">\n\t\t\t\t\t\t<span  >\n\t\t\t\t\t\t\tLocation de sauna\t\t\t\t\t\t<\/span>\n\t\t\t\t\t<\/span>\n\t\t\t\t\n\t\t\t\t\t\t\t\t\t<p class=\"elementor-icon-box-description\">\n\t\t\t\t\t\tAgr\u00e9mentez votre s\u00e9jour d'une s\u00e9ance de sauna priv\u00e9e, disponible sur r\u00e9servation.\n\n\n\n\n\n\t\t\t\t\t<\/p>\n\t\t\t\t\n\t\t\t<\/div>\n\t\t\t\n\t\t<\/div>\n\t\t\t\t\t\t<\/div>\n\t\t\t\t<\/div>\n\t\t\t\t<\/div>\n\t\t\t\t<\/div>\n\t\t\t\t<\/div>\n\t\t\t\t\t<\/div>\n\t\t\t\t<\/div>\n\t\t<div class=\"elementor-element elementor-element-7cf30389 e-flex e-con-boxed e-con e-parent\" data-id=\"7cf30389\" data-element_type=\"container\" data-e-type=\"container\" data-settings=\"{&quot;background_background&quot;:&quot;classic&quot;}\">\n\t\t\t\t\t<div class=\"e-con-inner\">\n\t\t<div class=\"elementor-element elementor-element-391628b2 e-con-full e-flex e-con e-child\" data-id=\"391628b2\" data-element_type=\"container\" data-e-type=\"container\">\n\t\t\t\t<div class=\"elementor-element elementor-element-10ee6d45 elementor-invisible elementor-widget elementor-widget-text-editor\" data-id=\"10ee6d45\" data-element_type=\"widget\" data-e-type=\"widget\" data-settings=\"{&quot;_animation&quot;:&quot;fadeInUp&quot;}\" data-widget_type=\"text-editor.default\">\n\t\t\t\t<div class=\"elementor-widget-container\">\n\t\t\t\t\t\t\t\t\t<p>D\u00e9couvrez notre espace en chiffres<\/p>\t\t\t\t\t\t\t\t<\/div>\n\t\t\t\t<\/div>\n\t\t<div class=\"elementor-element elementor-element-1e1650d5 e-con-full e-flex e-con e-child\" data-id=\"1e1650d5\" data-element_type=\"container\" data-e-type=\"container\">\n\t\t<div class=\"elementor-element elementor-element-31f8dbcc e-con-full e-flex e-con e-child\" data-id=\"31f8dbcc\" data-element_type=\"container\" data-e-type=\"container\">\n\t\t\t\t<div class=\"elementor-element elementor-element-6763152e elementor-invisible elementor-widget elementor-widget-counter\" data-id=\"6763152e\" data-element_type=\"widget\" data-e-type=\"widget\" data-settings=\"{&quot;_animation&quot;:&quot;fadeInUp&quot;}\" data-widget_type=\"counter.default\">\n\t\t\t\t<div class=\"elementor-widget-container\">\n\t\t\t\t\t\t\t<div class=\"elementor-counter\">\n\t\t\t<div class=\"elementor-counter-title\">m2<\/div>\t\t\t<div class=\"elementor-counter-number-wrapper\">\n\t\t\t\t<span class=\"elementor-counter-number-prefix\"><\/span>\n\t\t\t\t<span class=\"elementor-counter-number\" data-duration=\"2000\" data-to-value=\"64\" data-from-value=\"0\" data-delimiter=\",\">0<\/span>\n\t\t\t\t<span class=\"elementor-counter-number-suffix\"><\/span>\n\t\t\t<\/div>\n\t\t<\/div>\n\t\t\t\t\t\t<\/div>\n\t\t\t\t<\/div>\n\t\t\t\t<\/div>\n\t\t<div class=\"elementor-element elementor-element-4ddab187 e-con-full e-flex e-con e-child\" data-id=\"4ddab187\" data-element_type=\"container\" data-e-type=\"container\">\n\t\t\t\t<div class=\"elementor-element elementor-element-63ae3ea7 elementor-invisible elementor-widget elementor-widget-counter\" data-id=\"63ae3ea7\" data-element_type=\"widget\" data-e-type=\"widget\" data-settings=\"{&quot;_animation&quot;:&quot;fadeInUp&quot;,&quot;_animation_delay&quot;:&quot;200&quot;}\" data-widget_type=\"counter.default\">\n\t\t\t\t<div class=\"elementor-widget-container\">\n\t\t\t\t\t\t\t<div class=\"elementor-counter\">\n\t\t\t<div class=\"elementor-counter-title\">Jouets BDSM<\/div>\t\t\t<div class=\"elementor-counter-number-wrapper\">\n\t\t\t\t<span class=\"elementor-counter-number-prefix\"><\/span>\n\t\t\t\t<span class=\"elementor-counter-number\" data-duration=\"2000\" data-to-value=\"30\" data-from-value=\"0\" data-delimiter=\",\">0<\/span>\n\t\t\t\t<span class=\"elementor-counter-number-suffix\">+<\/span>\n\t\t\t<\/div>\n\t\t<\/div>\n\t\t\t\t\t\t<\/div>\n\t\t\t\t<\/div>\n\t\t\t\t<\/div>\n\t\t<div class=\"elementor-element elementor-element-41727069 e-con-full e-flex e-con e-child\" data-id=\"41727069\" data-element_type=\"container\" data-e-type=\"container\">\n\t\t\t\t<div class=\"elementor-element elementor-element-3ade2bb1 elementor-invisible elementor-widget elementor-widget-counter\" data-id=\"3ade2bb1\" data-element_type=\"widget\" data-e-type=\"widget\" data-settings=\"{&quot;_animation&quot;:&quot;fadeInUp&quot;,&quot;_animation_delay&quot;:&quot;400&quot;}\" data-widget_type=\"counter.default\">\n\t\t\t\t<div class=\"elementor-widget-container\">\n\t\t\t\t\t\t\t<div class=\"elementor-counter\">\n\t\t\t<div class=\"elementor-counter-title\">Chambres douillettes<\/div>\t\t\t<div class=\"elementor-counter-number-wrapper\">\n\t\t\t\t<span class=\"elementor-counter-number-prefix\"><\/span>\n\t\t\t\t<span class=\"elementor-counter-number\" data-duration=\"2000\" data-to-value=\"2\" data-from-value=\"0\" data-delimiter=\",\">0<\/span>\n\t\t\t\t<span class=\"elementor-counter-number-suffix\"><\/span>\n\t\t\t<\/div>\n\t\t<\/div>\n\t\t\t\t\t\t<\/div>\n\t\t\t\t<\/div>\n\t\t\t\t<\/div>\n\t\t\t\t<\/div>\n\t\t\t\t<\/div>\n\t\t\t\t\t<\/div>\n\t\t\t\t<\/div>\n\t\t\t\t<\/div>\n\t\t","protected":false},"excerpt":{"rendered":"<p>Laissez-vous s\u00e9duire par une intimit\u00e9 sans limites \u00e0 Diest Entrez dans un espace luxueux et priv\u00e9, nich\u00e9 \u00e0 seulement 20 minutes de Hasselt, o\u00f9 vos d\u00e9sirs rencontrent la sophistication. R\u00e9servez d\u00e8s maintenant Une \u00e9vasion priv\u00e9e, con\u00e7ue pour le plaisir Bienvenue \u00e0 Belgium Dungeon Suite ! Notre charmant espace priv\u00e9 de 64 m\u00b2 est situ\u00e9 dans [&hellip;]<\/p>\n","protected":false},"author":1,"featured_media":0,"parent":0,"menu_order":0,"comment_status":"closed","ping_status":"closed","template":"","meta":{"footnotes":""},"class_list":["post-2016","page","type-page","status-publish","hentry"],"_links":{"self":[{"href":"https:\/\/belgiumdungeonsuite.com\/fr\/wp-json\/wp\/v2\/pages\/2016","targetHints":{"allow":["GET"]}}],"collection":[{"href":"https:\/\/belgiumdungeonsuite.com\/fr\/wp-json\/wp\/v2\/pages"}],"about":[{"href":"https:\/\/belgiumdungeonsuite.com\/fr\/wp-json\/wp\/v2\/types\/page"}],"author":[{"embeddable":true,"href":"https:\/\/belgiumdungeonsuite.com\/fr\/wp-json\/wp\/v2\/users\/1"}],"replies":[{"embeddable":true,"href":"https:\/\/belgiumdungeonsuite.com\/fr\/wp-json\/wp\/v2\/comments?post=2016"}],"version-history":[{"count":2,"href":"https:\/\/belgiumdungeonsuite.com\/fr\/wp-json\/wp\/v2\/pages\/2016\/revisions"}],"predecessor-version":[{"id":2460,"href":"https:\/\/belgiumdungeonsuite.com\/fr\/wp-json\/wp\/v2\/pages\/2016\/revisions\/2460"}],"wp:attachment":[{"href":"https:\/\/belgiumdungeonsuite.com\/fr\/wp-json\/wp\/v2\/media?parent=2016"}],"curies":[{"name":"wp","href":"https:\/\/api.w.org\/{rel}","templated":true}]}}